{"id":6346,"date":"2017-08-10T13:43:59","date_gmt":"2017-08-10T11:43:59","guid":{"rendered":"http:\/\/www.afriquetravaux.com.tn\/?page_id=6346"},"modified":"2021-01-11T08:51:06","modified_gmt":"2021-01-11T07:51:06","slug":"offre-demploi-2","status":"publish","type":"page","link":"https:\/\/www.afriquetravaux.com.tn\/en\/offre-demploi-2\/","title":{"rendered":"Job offer"},"content":{"rendered":"<p><strong>\u00ab\u00a0<\/strong>Dans le cadre du\u00a0 projet <strong>RE-MED<\/strong> \u00ab Application de l\u2019innovation pour le d\u00e9veloppement de l\u2019\u00e9conomie circulaire pour une construction durable en M\u00e9diterran\u00e9e\u00a0\u00bb,\u00a0 Afrique travaux lance un appel d\u2019offres pour la d\u00e9signation d\u2019un auditeur externe\u00a0 r\u00e9pondant aux conditions g\u00e9n\u00e9rales et professionnelles d\u00e9taill\u00e9es dans\u00a0 le cahier de charge attach\u00e9 \u00e0 cet avis.<\/p>\n<p>Pour plus d\u2019information, vous pouvez contact\u00e9 <strong>Madame Amani BADR<\/strong> au\u00a0: <strong>71\u00a0770 133<\/strong><\/p>\n<p>L&#8217;offre doit \u00eatre d\u00e9pos\u00e9e obligatoirement au si\u00e8ge de la soci\u00e9t\u00e9 Afrique Travaux sous pli ferm\u00e9 au plus tard le 15\/01\/2021 avant 17 h<\/p>\n<p>\u00e0 l\u2019adresse suivante :<\/p>\n<p>Soci\u00e9t\u00e9 Afrique Travaux<\/p>\n<p>Projet\u00a0: RE-MED<\/p>\n<p>Offre d\u2019audit<\/p>\n<p>Rue de l\u2019Energie Eolienne Zone Industrielle la Charguia I -2035 \u2013 Tunis \u2013 Carthage<\/p>\n<p>\u00a0<\/p>\n\n\n<div class=\"wp-block-file\"><a href=\"http:\/\/www.afriquetravaux.com.tn\/wp-content\/uploads\/2020\/12\/Termes-de-Reference-pour-la-selection-de-lAuditeur-PP05-Afrique-Travaux.docx\">Termes-de-Reference-pour-la-selection-de-lAuditeur-PP05-Afrique-Travaux<\/a><a href=\"http:\/\/www.afriquetravaux.com.tn\/wp-content\/uploads\/2020\/12\/Termes-de-Reference-pour-la-selection-de-lAuditeur-PP05-Afrique-Travaux.docx\" class=\"wp-block-file__button\" download>T\u00e9l\u00e9charger<\/a><\/div>\n\n\n\n<figure class=\"wp-block-image size-large\"><img decoding=\"async\" src=\"http:\/\/www.afriquetravaux.com.tn\/wp-content\/uploads\/2020\/12\/RED.MED_.jpg\" alt=\"\" class=\"wp-image-6985\" \/><\/figure>\n","protected":false},"excerpt":{"rendered":"<p>\u00ab\u00a0Dans le cadre du\u00a0 projet RE-MED \u00ab Application de l\u2019innovation pour le d\u00e9veloppement de l\u2019\u00e9conomie circulaire pour une construction durable en M\u00e9diterran\u00e9e\u00a0\u00bb,\u00a0 Afrique travaux lance un appel d\u2019offres pour la d\u00e9signation d\u2019un auditeur externe\u00a0 r\u00e9pondant aux conditions g\u00e9n\u00e9rales et professionnelles d\u00e9taill\u00e9es dans\u00a0 le cahier de charge attach\u00e9 \u00e0 cet avis. Pour plus d\u2019information, vous pouvez [&hellip;]<\/p>\n","protected":false},"author":1,"featured_media":0,"parent":0,"menu_order":0,"comment_status":"closed","ping_status":"closed","template":"","meta":{"footnotes":""},"class_list":["post-6346","page","type-page","status-publish","hentry"],"_links":{"self":[{"href":"https:\/\/www.afriquetravaux.com.tn\/en\/wp-json\/wp\/v2\/pages\/6346"}],"collection":[{"href":"https:\/\/www.afriquetravaux.com.tn\/en\/wp-json\/wp\/v2\/pages"}],"about":[{"href":"https:\/\/www.afriquetravaux.com.tn\/en\/wp-json\/wp\/v2\/types\/page"}],"author":[{"embeddable":true,"href":"https:\/\/www.afriquetravaux.com.tn\/en\/wp-json\/wp\/v2\/users\/1"}],"replies":[{"embeddable":true,"href":"https:\/\/www.afriquetravaux.com.tn\/en\/wp-json\/wp\/v2\/comments?post=6346"}],"version-history":[{"count":2,"href":"https:\/\/www.afriquetravaux.com.tn\/en\/wp-json\/wp\/v2\/pages\/6346\/revisions"}],"predecessor-version":[{"id":6988,"href":"https:\/\/www.afriquetravaux.com.tn\/en\/wp-json\/wp\/v2\/pages\/6346\/revisions\/6988"}],"wp:attachment":[{"href":"https:\/\/www.afriquetravaux.com.tn\/en\/wp-json\/wp\/v2\/media?parent=6346"}],"curies":[{"name":"wp","href":"https:\/\/api.w.org\/{rel}","templated":true}]}}