{"id":6039,"date":"2017-07-18T15:00:01","date_gmt":"2017-07-18T13:00:01","guid":{"rendered":"http:\/\/www.afriquetravaux.com.tn\/?page_id=6039"},"modified":"2022-01-04T11:46:29","modified_gmt":"2022-01-04T10:46:29","slug":"beton-pret-a-lemploi","status":"publish","type":"page","link":"https:\/\/www.afriquetravaux.com.tn\/en\/beton-pret-a-lemploi\/","title":{"rendered":"ready-mix concrete"},"content":{"rendered":"\n<h2 class=\"wp-block-heading\">B\u00e9ton pr\u00eat \u00e0 l&#8217;emploi<\/h2>\n\n\n\n<p>Afrique Travaux dispose sur le grand Tunis d\u2019une centrale \u00e0 B\u00e9ton pr\u00eat \u00e0 l\u2019emploi d\u2019une capacit\u00e9 totale de 200m\u00b3 \/ Heure :<\/p>\n\n\n\n<ul class=\"wp-block-list\"><li>Ben Arous Tunis Sud\u00a0: 10.000 m\u00b2, comprenant la troisi\u00e8me installation fixe de production de b\u00e9ton pr\u00eat \u00e0 l\u2019emploi avec une capacit\u00e9 voisine de 120 m\u00b3\/H.\u00a0<\/li><\/ul>\n\n\n\n<h2 class=\"wp-block-heading\">Central \u00e0 B\u00e9ton pr\u00eat \u00e0 l&#8217;emploi<\/h2>\n\n\n\n<ul class=\"wp-block-list\"><li>\u00a0Sise \u00e0 la zone industrielle de Ben Arous Tunis, deuxi\u00e8me installation fixe de production de B\u00e9ton pr\u00eat \u00e0 l\u2019emploi de marque LIEBHER \u2013 Mischtechnik GmbH , avec une capacit\u00e9 de production voisine de 90 m3\/H.<\/li><li>\u00a0Install\u00e9e \u00e0 Ain Octor Korbous, centrale mobile ORU ONEDAY 105 GOLD, pr\u00e9mont\u00e9e et pr\u00e9c\u00e2bl\u00e9e,. Elle est \u00e9quip\u00e9e d&#8217;une cabine de commande int\u00e9gr\u00e9e \u00e0 la structure m\u00eame lors de la phase de transport de capacit\u00e9 de production horaire 95 m3\/h.<\/li><li>\u00a0Install\u00e9e \u00e0 Bouheurtma, centrale \u00e0 b\u00e9ton pr\u00eat \u00e0 l\u2019emploi de capacit\u00e9 de production horaire 40 m3\/h.<\/li><\/ul>\n\n\n\n<h2 class=\"wp-block-heading\">Centrale \u00e0 B\u00e9ton Bitumineux<\/h2>\n\n\n\n<ul class=\"wp-block-list\"><li>&nbsp;Install\u00e9e au parc Bir Kassaa (20.000 m\u00b2), centrale MARINI avec une capacit\u00e9 de production de 120 m3\/h.<\/li><li>&nbsp;Nouvelle centrale hypermobile achet\u00e9e en 2017 pour concr\u00e9tiser l\u2019axe de d\u00e9veloppement de la soci\u00e9t\u00e9. Elle est de marque TSM 17 ERMONT dot\u00e9e de la technologie de courant parall\u00e8le qui permet de recycler jusqu\u2019\u00e0 30 % d\u2019agr\u00e9gat d\u2019enrob\u00e9s sur plage de d\u00e9bit de 90 \u00e0 230 T\/h.<\/li><\/ul>\n\n\n\n<h2 class=\"wp-block-heading\">Centrale de GRH :<\/h2>\n\n\n\n<ul class=\"wp-block-list\"><li>&nbsp;Install\u00e9e \u00e0 Ben GUERDENE (Chantier autoroute Medenine-Ras Jedir Lot 7) de marque SAE et de capacit\u00e9 de production 200 T\/h.<\/li><li>&nbsp;Install\u00e9e \u00e0 Sousse (Chantier RN12)de marque TUNIMEC et de capacit\u00e9 de production 300 T\/h<\/li><\/ul>\n\n\n\n<p><\/p>\n\n\n\n<p><\/p>\n","protected":false},"excerpt":{"rendered":"<p>B\u00e9ton pr\u00eat \u00e0 l&#8217;emploi Afrique Travaux dispose sur le grand Tunis d\u2019une centrale \u00e0 B\u00e9ton pr\u00eat \u00e0 l\u2019emploi d\u2019une capacit\u00e9 totale de 200m\u00b3 \/ Heure : Ben Arous Tunis Sud\u00a0: 10.000 m\u00b2, comprenant la troisi\u00e8me installation fixe de production de b\u00e9ton pr\u00eat \u00e0 l\u2019emploi avec une capacit\u00e9 voisine de 120 m\u00b3\/H.\u00a0 Central \u00e0 B\u00e9ton pr\u00eat [&hellip;]<\/p>\n","protected":false},"author":1,"featured_media":0,"parent":0,"menu_order":0,"comment_status":"closed","ping_status":"closed","template":"","meta":{"footnotes":""},"class_list":["post-6039","page","type-page","status-publish","hentry"],"_links":{"self":[{"href":"https:\/\/www.afriquetravaux.com.tn\/en\/wp-json\/wp\/v2\/pages\/6039"}],"collection":[{"href":"https:\/\/www.afriquetravaux.com.tn\/en\/wp-json\/wp\/v2\/pages"}],"about":[{"href":"https:\/\/www.afriquetravaux.com.tn\/en\/wp-json\/wp\/v2\/types\/page"}],"author":[{"embeddable":true,"href":"https:\/\/www.afriquetravaux.com.tn\/en\/wp-json\/wp\/v2\/users\/1"}],"replies":[{"embeddable":true,"href":"https:\/\/www.afriquetravaux.com.tn\/en\/wp-json\/wp\/v2\/comments?post=6039"}],"version-history":[{"count":10,"href":"https:\/\/www.afriquetravaux.com.tn\/en\/wp-json\/wp\/v2\/pages\/6039\/revisions"}],"predecessor-version":[{"id":7290,"href":"https:\/\/www.afriquetravaux.com.tn\/en\/wp-json\/wp\/v2\/pages\/6039\/revisions\/7290"}],"wp:attachment":[{"href":"https:\/\/www.afriquetravaux.com.tn\/en\/wp-json\/wp\/v2\/media?parent=6039"}],"curies":[{"name":"wp","href":"https:\/\/api.w.org\/{rel}","templated":true}]}}