{"id":5964,"date":"2017-07-18T12:27:20","date_gmt":"2017-07-18T10:27:20","guid":{"rendered":"http:\/\/www.afriquetravaux.com.tn\/?page_id=5964"},"modified":"2017-08-29T15:37:55","modified_gmt":"2017-08-29T13:37:55","slug":"echangeurs-ponts","status":"publish","type":"page","link":"https:\/\/www.afriquetravaux.com.tn\/en\/echangeurs-ponts\/","title":{"rendered":"Exchangers &#038; Bridges"},"content":{"rendered":"<p>[vc_row][vc_column]<div class=\"tm-element-heading-wrapper tm-heading-inner tm-element-align-left \">[vc_cta h2=\"Exchangers & Bridges\"  h2_use_theme_fonts=\"yes\"  h2_google_fonts=\"font_family:Arimo%3Aregular%2Citalic%2C700%2C700italic|font_style:700%20bold%20regular%3A700%3Anormal\"  h4_use_theme_fonts=\"yes\"  h4_google_fonts=\"font_family:Lato%3A100%2C100italic%2C300%2C300italic%2Cregular%2Citalic%2C700%2C700italic%2C900%2C900italic|font_style:300%20light%20regular%3A300%3Anormal\"  txt_align=\"left\"  i_css_animation=\"\" css_animation=\"\"][\/vc_cta]<\/div> <!-- .tm-element-heading-wrapper container --> [vc_column_text]Afrique Travaux is the most efficient company in the construction of bridges and interchanges in Tunisia. Among other things, it made the first interchange in the country, namely the intersection of the RN8 and the RN9. We quote the North-South link exchanger Cyrus the great avenue of Ghana, the interchange of Mannouba, the interchange Carrefour route GP9, the interchange of the Soukra, the interchange Ennozha etc&#8230;, l\u2019\u00e9changeur Ennozha etc\u2026[\/vc_column_text]<div class=\"row multi-columns-row thememount-portfolio-boxes-wrapper thememount-portfolio-view-default thememount-effect-default thememount-items-col-three  \" id=\"thememount-portfolio-id-75941067\"  ><div class=\"thememount-portfolio-text col-xs-12 col-sm-12 col-md-12 col-lg-12\"><div class=\"tm-element-heading-wrapper tm-heading-inner tm-element-align-left \">[vc_cta h2=\"Our achievements out of EXCHANGERS &amp; BRIDGES\" h2_link=\"\" h2_use_theme_fonts=\"yes\" use_custom_fonts_h2=\"\" h2_font_container=\"\" h2_google_fonts=\"font_family:Arimo%3Aregular%2Citalic%2C700%2C700italic|font_style:700%20bold%20regular%3A700%3Anormal\" h4=\"\" h4_link=\"\" h4_use_theme_fonts=\"yes\" use_custom_fonts_h4=\"\" h4_font_container=\"\" h4_google_fonts=\"font_family:Lato%3A100%2C100italic%2C300%2C300italic%2Cregular%2Citalic%2C700%2C700italic%2C900%2C900italic|font_style:300%20light%20regular%3A300%3Anormal\" txt_align=\"left\" style=\"transparent\" el_width=\"100%\" css_animation=\"\"][\/vc_cta]<\/div> <!-- .tm-element-heading-wrapper container --> <\/div><div class=\"thememount-portfolio-boxes col-xs-12 col-sm-12 col-md-12 col-lg-12\"><div class=\"thememount-items-wrapper row multi-columns-row  thememount-portfolio-boxes-inner  row\">\n\t\t<div class=\"portfolio-box tm-box col-lg-4 col-sm-6 col-md-4 col-xs-12 architecture thememount-box\">\n\t\t\t<div class=\"item\">\n\t\t\t\t<div class=\"item-thumbnail\">\n\t\t\t\t\t<img loading=\"lazy\" decoding=\"async\" width=\"740\" height=\"493\" src=\"https:\/\/www.afriquetravaux.com.tn\/wp-content\/uploads\/2022\/01\/1234-740x493.jpg\" class=\"attachment-portfolio-three-column size-portfolio-three-column wp-post-image\" alt=\"\" srcset=\"https:\/\/www.afriquetravaux.com.tn\/wp-content\/uploads\/2022\/01\/1234-740x493.jpg 740w, https:\/\/www.afriquetravaux.com.tn\/wp-content\/uploads\/2022\/01\/1234-855x570.jpg 855w, https:\/\/www.afriquetravaux.com.tn\/wp-content\/uploads\/2022\/01\/1234-524x349.jpg 524w\" sizes=\"(max-width: 740px) 100vw, 740px\" data-id=\"7306\" \/>\n\t\t\t\t\t<div class=\"overthumb\"><\/div>\n\t\t\t\t\t<div class=\"icons\">\n\t\t\t\t\t\t\n\t\t\t\t\t\t<a href=\"https:\/\/www.afriquetravaux.com.tn\/wp-content\/uploads\/2022\/01\/1234-scaled.jpg\" class=\"thememount_pf_featured tm_prettyphoto\" title=\"(Fran\u00e7ais) Echangeur SYRUS LE GRAND\" data-rel=\"prettyPhoto\"><i class=\"fa fa-picture-o\"><\/i><\/a>\n\t\t\t\t\t\t<a href=\"https:\/\/www.afriquetravaux.com.tn\/en\/portfolio\/echangeur-syrus-le-grand\/\" class=\"thememount_pf_link\"><i class=\"fa fa-link\"><\/i><\/a>\n\t\t\t\t\t<\/div>\n\t\t\t\t<\/div>\n\t\t\t\t<div class=\"item-content\">\n\t\t\t\t\t\n\t\t\t\t\t<h4><a href=\"https:\/\/www.afriquetravaux.com.tn\/en\/portfolio\/echangeur-syrus-le-grand\/\">(Fran\u00e7ais) Echangeur SYRUS LE GRAND<\/a><\/h4>\n\t\t\t\t\t<p>Ponts<\/p>\n\t\t\t\t<\/div>\n\t\t\t<\/div>\n\t\t\t\n\t\t<\/div>\n\t\n\t\t<div class=\"portfolio-box tm-box col-lg-4 col-sm-6 col-md-4 col-xs-12 architecture thememount-box\">\n\t\t\t<div class=\"item\">\n\t\t\t\t<div class=\"item-thumbnail\">\n\t\t\t\t\t<img loading=\"lazy\" decoding=\"async\" width=\"720\" height=\"406\" src=\"https:\/\/www.afriquetravaux.com.tn\/wp-content\/uploads\/2020\/02\/AVANCEMENT-PROJET-FINI-720x406-1-e1640898817865.jpg\" class=\"attachment-portfolio-three-column size-portfolio-three-column wp-post-image\" alt=\"\" data-id=\"6958\" \/>\n\t\t\t\t\t<div class=\"overthumb\"><\/div>\n\t\t\t\t\t<div class=\"icons\">\n\t\t\t\t\t\t\n\t\t\t\t\t\t<a href=\"https:\/\/www.afriquetravaux.com.tn\/wp-content\/uploads\/2020\/02\/AVANCEMENT-PROJET-FINI-720x406-1-e1640898817865.jpg\" class=\"thememount_pf_featured tm_prettyphoto\" title=\"(Fran\u00e7ais) Ouvrage d&#8217;art de franchissement de l&#8217;oued Medjerda sur la  RN 17 au PK 65+500 dans le gouvernorat de Jendouba\" data-rel=\"prettyPhoto\"><i class=\"fa fa-picture-o\"><\/i><\/a>\n\t\t\t\t\t\t<a href=\"https:\/\/www.afriquetravaux.com.tn\/en\/portfolio\/ouvrage-dart-de-franchissement-de-loued-medjerda-sur-la-rn-17-au-pk-65500-dans-le-gouvernorat-de-jendouba\/\" class=\"thememount_pf_link\"><i class=\"fa fa-link\"><\/i><\/a>\n\t\t\t\t\t<\/div>\n\t\t\t\t<\/div>\n\t\t\t\t<div class=\"item-content\">\n\t\t\t\t\t\n\t\t\t\t\t<h4><a href=\"https:\/\/www.afriquetravaux.com.tn\/en\/portfolio\/ouvrage-dart-de-franchissement-de-loued-medjerda-sur-la-rn-17-au-pk-65500-dans-le-gouvernorat-de-jendouba\/\">(Fran\u00e7ais) Ouvrage d&#8217;art de franchissement de l&#8217;oued Medjerda sur la  RN 17 au PK 65+500 dans le gouvernorat de Jendouba<\/a><\/h4>\n\t\t\t\t\t<p>Ponts<\/p>\n\t\t\t\t<\/div>\n\t\t\t<\/div>\n\t\t\t\n\t\t<\/div>\n\t\n\t\t<div class=\"portfolio-box tm-box col-lg-4 col-sm-6 col-md-4 col-xs-12 architecture thememount-box\">\n\t\t\t<div class=\"item\">\n\t\t\t\t<div class=\"item-thumbnail\">\n\t\t\t\t\t<img loading=\"lazy\" decoding=\"async\" width=\"740\" height=\"493\" src=\"https:\/\/www.afriquetravaux.com.tn\/wp-content\/uploads\/2021\/12\/3-left-740x493.jpg\" class=\"attachment-portfolio-three-column size-portfolio-three-column wp-post-image\" alt=\"\" srcset=\"https:\/\/www.afriquetravaux.com.tn\/wp-content\/uploads\/2021\/12\/3-left-740x493.jpg 740w, https:\/\/www.afriquetravaux.com.tn\/wp-content\/uploads\/2021\/12\/3-left-300x200.jpg 300w, https:\/\/www.afriquetravaux.com.tn\/wp-content\/uploads\/2021\/12\/3-left-1024x684.jpg 1024w, https:\/\/www.afriquetravaux.com.tn\/wp-content\/uploads\/2021\/12\/3-left-768x513.jpg 768w, https:\/\/www.afriquetravaux.com.tn\/wp-content\/uploads\/2021\/12\/3-left-1536x1025.jpg 1536w, https:\/\/www.afriquetravaux.com.tn\/wp-content\/uploads\/2021\/12\/3-left-2048x1367.jpg 2048w, https:\/\/www.afriquetravaux.com.tn\/wp-content\/uploads\/2021\/12\/3-left-855x570.jpg 855w, https:\/\/www.afriquetravaux.com.tn\/wp-content\/uploads\/2021\/12\/3-left-524x349.jpg 524w\" sizes=\"(max-width: 740px) 100vw, 740px\" data-id=\"7119\" \/>\n\t\t\t\t\t<div class=\"overthumb\"><\/div>\n\t\t\t\t\t<div class=\"icons\">\n\t\t\t\t\t\t\n\t\t\t\t\t\t<a href=\"https:\/\/www.afriquetravaux.com.tn\/wp-content\/uploads\/2021\/12\/3-left-scaled.jpg\" class=\"thememount_pf_featured tm_prettyphoto\" title=\"(Fran\u00e7ais) Travaux de s\u00e9curit\u00e9 routi\u00e8re de la RN1 du Pk 10,760 au PK 14,90 dans le gouvernorat de Ben Arous\" data-rel=\"prettyPhoto\"><i class=\"fa fa-picture-o\"><\/i><\/a>\n\t\t\t\t\t\t<a href=\"https:\/\/www.afriquetravaux.com.tn\/en\/portfolio\/travaux-de-securite-routiere-de-la-rn1-du-pk-10760-au-pk-1490-dans-le-gouvernorat-de-ben-arous\/\" class=\"thememount_pf_link\"><i class=\"fa fa-link\"><\/i><\/a>\n\t\t\t\t\t<\/div>\n\t\t\t\t<\/div>\n\t\t\t\t<div class=\"item-content\">\n\t\t\t\t\t\n\t\t\t\t\t<h4><a href=\"https:\/\/www.afriquetravaux.com.tn\/en\/portfolio\/travaux-de-securite-routiere-de-la-rn1-du-pk-10760-au-pk-1490-dans-le-gouvernorat-de-ben-arous\/\">(Fran\u00e7ais) Travaux de s\u00e9curit\u00e9 routi\u00e8re de la RN1 du Pk 10,760 au PK 14,90 dans le gouvernorat de Ben Arous<\/a><\/h4>\n\t\t\t\t\t<p>Ponts<\/p>\n\t\t\t\t<\/div>\n\t\t\t<\/div>\n\t\t\t\n\t\t<\/div>\n\t<\/div><\/div><\/div>[\/vc_column][\/vc_row][vc_row][vc_column][\/vc_column][\/vc_row]<\/p>","protected":false},"excerpt":{"rendered":"<p>[vc_row][vc_column][vc_column_text]Afrique Travaux is the most efficient company in the construction of bridges and interchanges in Tunisia. Among other things, it made the first interchange in the country, namely the intersection of the RN8 and the RN9. We quote the North-South link exchanger Cyrus the great avenue of Ghana, the interchange of Mannouba, the interchange Carrefour [&hellip;]<\/p>\n","protected":false},"author":1,"featured_media":0,"parent":0,"menu_order":0,"comment_status":"closed","ping_status":"closed","template":"","meta":{"footnotes":""},"class_list":["post-5964","page","type-page","status-publish","hentry"],"_links":{"self":[{"href":"https:\/\/www.afriquetravaux.com.tn\/en\/wp-json\/wp\/v2\/pages\/5964"}],"collection":[{"href":"https:\/\/www.afriquetravaux.com.tn\/en\/wp-json\/wp\/v2\/pages"}],"about":[{"href":"https:\/\/www.afriquetravaux.com.tn\/en\/wp-json\/wp\/v2\/types\/page"}],"author":[{"embeddable":true,"href":"https:\/\/www.afriquetravaux.com.tn\/en\/wp-json\/wp\/v2\/users\/1"}],"replies":[{"embeddable":true,"href":"https:\/\/www.afriquetravaux.com.tn\/en\/wp-json\/wp\/v2\/comments?post=5964"}],"version-history":[{"count":0,"href":"https:\/\/www.afriquetravaux.com.tn\/en\/wp-json\/wp\/v2\/pages\/5964\/revisions"}],"wp:attachment":[{"href":"https:\/\/www.afriquetravaux.com.tn\/en\/wp-json\/wp\/v2\/media?parent=5964"}],"curies":[{"name":"wp","href":"https:\/\/api.w.org\/{rel}","templated":true}]}}