{"id":5955,"date":"2017-07-18T12:18:54","date_gmt":"2017-07-18T10:18:54","guid":{"rendered":"http:\/\/www.afriquetravaux.com.tn\/?page_id=5955"},"modified":"2021-12-27T00:47:49","modified_gmt":"2021-12-26T23:47:49","slug":"routes-autoroutes","status":"publish","type":"page","link":"https:\/\/www.afriquetravaux.com.tn\/en\/routes-autoroutes\/","title":{"rendered":"WAYS &amp; HIGHWAYS"},"content":{"rendered":"<p>[vc_row][vc_column]<div class=\"tm-element-heading-wrapper tm-heading-inner tm-element-align-left \">[vc_cta h2=\"WAYS &amp; HIGHWAYS\"  h2_use_theme_fonts=\"yes\"  h2_google_fonts=\"font_family:Arimo%3Aregular%2Citalic%2C700%2C700italic|font_style:700%20bold%20regular%3A700%3Anormal\"  h4_use_theme_fonts=\"yes\"  h4_google_fonts=\"font_family:Lato%3A100%2C100italic%2C300%2C300italic%2Cregular%2Citalic%2C700%2C700italic%2C900%2C900italic|font_style:300%20light%20regular%3A300%3Anormal\"  txt_align=\"left\"  i_css_animation=\"\" css_animation=\"\"][\/vc_cta]<\/div> <!-- .tm-element-heading-wrapper container --> [vc_column_text]As a specialist in complex shipyards, Africa Travaux has ranked first among the companies involved in the construction of road infrastructure projects in Tunisia. Africa Works contributed to the construction of the majority of Tunisia&#8217;s highways. It has indeed carried out lot 1 of the Mjez Elbab motorway and lot 3 of the M&#8217;saken-Sfax motorway, it is carrying out the lot5 of the Sfax-Gab\u00e8s motorway (the works are terminally terminated) and the Lot 7 of the Gab\u00e8s-M\u00e9dnine motorway.[\/vc_column_text]<div class=\"row multi-columns-row thememount-portfolio-boxes-wrapper thememount-portfolio-view-default thememount-effect-default thememount-items-col-three  \" id=\"thememount-portfolio-id-31085001\"  ><div class=\"thememount-portfolio-text col-xs-12 col-sm-12 col-md-12 col-lg-12\"><div class=\"tm-element-heading-wrapper tm-heading-inner tm-element-align-left \">[vc_cta h2=\"Our achievements in WAYS &amp; HIGHWAYS.\" h2_link=\"\" h2_use_theme_fonts=\"yes\" use_custom_fonts_h2=\"\" h2_font_container=\"\" h2_google_fonts=\"font_family:Arimo%3Aregular%2Citalic%2C700%2C700italic|font_style:700%20bold%20regular%3A700%3Anormal\" h4=\"\" h4_link=\"\" h4_use_theme_fonts=\"yes\" use_custom_fonts_h4=\"\" h4_font_container=\"\" h4_google_fonts=\"font_family:Lato%3A100%2C100italic%2C300%2C300italic%2Cregular%2Citalic%2C700%2C700italic%2C900%2C900italic|font_style:300%20light%20regular%3A300%3Anormal\" txt_align=\"left\" style=\"transparent\" el_width=\"100%\" css_animation=\"\"][\/vc_cta]<\/div> <!-- .tm-element-heading-wrapper container --> <\/div><div class=\"thememount-portfolio-boxes col-xs-12 col-sm-12 col-md-12 col-lg-12\"><div class=\"thememount-items-wrapper row multi-columns-row  thememount-portfolio-boxes-inner  row\">\n\t\t<div class=\"portfolio-box tm-box col-lg-4 col-sm-6 col-md-4 col-xs-12 route-autoroute thememount-box\">\n\t\t\t<div class=\"item\">\n\t\t\t\t<div class=\"item-thumbnail\">\n\t\t\t\t\t<img loading=\"lazy\" decoding=\"async\" width=\"740\" height=\"493\" src=\"https:\/\/www.afriquetravaux.com.tn\/wp-content\/uploads\/2022\/01\/20190926_120041-min-740x493.jpg\" class=\"attachment-portfolio-three-column size-portfolio-three-column wp-post-image\" alt=\"\" srcset=\"https:\/\/www.afriquetravaux.com.tn\/wp-content\/uploads\/2022\/01\/20190926_120041-min-740x493.jpg 740w, https:\/\/www.afriquetravaux.com.tn\/wp-content\/uploads\/2022\/01\/20190926_120041-min-855x570.jpg 855w, https:\/\/www.afriquetravaux.com.tn\/wp-content\/uploads\/2022\/01\/20190926_120041-min-524x349.jpg 524w\" sizes=\"(max-width: 740px) 100vw, 740px\" data-id=\"7230\" \/>\n\t\t\t\t\t<div class=\"overthumb\"><\/div>\n\t\t\t\t\t<div class=\"icons\">\n\t\t\t\t\t\t\n\t\t\t\t\t\t<a href=\"https:\/\/www.afriquetravaux.com.tn\/wp-content\/uploads\/2022\/01\/20190926_120041-min-scaled.jpg\" class=\"thememount_pf_featured tm_prettyphoto\" title=\"(Fran\u00e7ais) Travaux de mise en 2&#215;2 voies de la RN12 lot N\u00b0 2 dans le gouvernorat de sousse\" data-rel=\"prettyPhoto\"><i class=\"fa fa-picture-o\"><\/i><\/a>\n\t\t\t\t\t\t<a href=\"https:\/\/www.afriquetravaux.com.tn\/en\/portfolio\/travaux-de-mise-en-2x2-voies-de-la-rn12-lot-n-2-dans-le-gouvernorat-de-sousse\/\" class=\"thememount_pf_link\"><i class=\"fa fa-link\"><\/i><\/a>\n\t\t\t\t\t<\/div>\n\t\t\t\t<\/div>\n\t\t\t\t<div class=\"item-content\">\n\t\t\t\t\t\n\t\t\t\t\t<h4><a href=\"https:\/\/www.afriquetravaux.com.tn\/en\/portfolio\/travaux-de-mise-en-2x2-voies-de-la-rn12-lot-n-2-dans-le-gouvernorat-de-sousse\/\">(Fran\u00e7ais) Travaux de mise en 2&#215;2 voies de la RN12 lot N\u00b0 2 dans le gouvernorat de sousse<\/a><\/h4>\n\t\t\t\t\t<p>Route &amp; Autoroute<\/p>\n\t\t\t\t<\/div>\n\t\t\t<\/div>\n\t\t\t\n\t\t<\/div>\n\t\n\t\t<div class=\"portfolio-box tm-box col-lg-4 col-sm-6 col-md-4 col-xs-12 route-autoroute thememount-box\">\n\t\t\t<div class=\"item\">\n\t\t\t\t<div class=\"item-thumbnail\">\n\t\t\t\t\t<img loading=\"lazy\" decoding=\"async\" width=\"740\" height=\"493\" src=\"https:\/\/www.afriquetravaux.com.tn\/wp-content\/uploads\/2021\/12\/1-740x493.png\" class=\"attachment-portfolio-three-column size-portfolio-three-column wp-post-image\" alt=\"\" srcset=\"https:\/\/www.afriquetravaux.com.tn\/wp-content\/uploads\/2021\/12\/1-740x493.png 740w, https:\/\/www.afriquetravaux.com.tn\/wp-content\/uploads\/2021\/12\/1-855x570.png 855w, https:\/\/www.afriquetravaux.com.tn\/wp-content\/uploads\/2021\/12\/1-524x349.png 524w\" sizes=\"(max-width: 740px) 100vw, 740px\" data-id=\"7152\" \/>\n\t\t\t\t\t<div class=\"overthumb\"><\/div>\n\t\t\t\t\t<div class=\"icons\">\n\t\t\t\t\t\t\n\t\t\t\t\t\t<a href=\"https:\/\/www.afriquetravaux.com.tn\/wp-content\/uploads\/2021\/12\/1.png\" class=\"thememount_pf_featured tm_prettyphoto\" title=\"(Fran\u00e7ais) Autoroute M\u00e9denine-Ras Jedir lot 7\" data-rel=\"prettyPhoto\"><i class=\"fa fa-picture-o\"><\/i><\/a>\n\t\t\t\t\t\t<a href=\"https:\/\/www.afriquetravaux.com.tn\/en\/portfolio\/autoroute-medenine-ras-jedir-lot-n-7\/\" class=\"thememount_pf_link\"><i class=\"fa fa-link\"><\/i><\/a>\n\t\t\t\t\t<\/div>\n\t\t\t\t<\/div>\n\t\t\t\t<div class=\"item-content\">\n\t\t\t\t\t\n\t\t\t\t\t<h4><a href=\"https:\/\/www.afriquetravaux.com.tn\/en\/portfolio\/autoroute-medenine-ras-jedir-lot-n-7\/\">(Fran\u00e7ais) Autoroute M\u00e9denine-Ras Jedir lot 7<\/a><\/h4>\n\t\t\t\t\t<p>Route &amp; Autoroute<\/p>\n\t\t\t\t<\/div>\n\t\t\t<\/div>\n\t\t\t\n\t\t<\/div>\n\t\n\t\t<div class=\"portfolio-box tm-box col-lg-4 col-sm-6 col-md-4 col-xs-12 route-autoroute thememount-box\">\n\t\t\t<div class=\"item\">\n\t\t\t\t<div class=\"item-thumbnail\">\n\t\t\t\t\t<img loading=\"lazy\" decoding=\"async\" width=\"740\" height=\"493\" src=\"https:\/\/www.afriquetravaux.com.tn\/wp-content\/uploads\/2018\/02\/20180215_111633-740x493.jpg\" class=\"attachment-portfolio-three-column size-portfolio-three-column wp-post-image\" alt=\"\" srcset=\"https:\/\/www.afriquetravaux.com.tn\/wp-content\/uploads\/2018\/02\/20180215_111633-740x493.jpg 740w, https:\/\/www.afriquetravaux.com.tn\/wp-content\/uploads\/2018\/02\/20180215_111633-855x570.jpg 855w, https:\/\/www.afriquetravaux.com.tn\/wp-content\/uploads\/2018\/02\/20180215_111633-524x349.jpg 524w\" sizes=\"(max-width: 740px) 100vw, 740px\" data-id=\"6884\" \/>\n\t\t\t\t\t<div class=\"overthumb\"><\/div>\n\t\t\t\t\t<div class=\"icons\">\n\t\t\t\t\t\t\n\t\t\t\t\t\t<a href=\"https:\/\/www.afriquetravaux.com.tn\/wp-content\/uploads\/2018\/02\/20180215_111633.jpg\" class=\"thememount_pf_featured tm_prettyphoto\" title=\"Highway Sfax &#8211; Gabes Part N\u00b05\" data-rel=\"prettyPhoto\"><i class=\"fa fa-picture-o\"><\/i><\/a>\n\t\t\t\t\t\t<a href=\"https:\/\/www.afriquetravaux.com.tn\/en\/portfolio\/autoroute-sfax-gabes-lot-5\/\" class=\"thememount_pf_link\"><i class=\"fa fa-link\"><\/i><\/a>\n\t\t\t\t\t<\/div>\n\t\t\t\t<\/div>\n\t\t\t\t<div class=\"item-content\">\n\t\t\t\t\t\n\t\t\t\t\t<h4><a href=\"https:\/\/www.afriquetravaux.com.tn\/en\/portfolio\/autoroute-sfax-gabes-lot-5\/\">Highway Sfax &#8211; Gabes Part N\u00b05<\/a><\/h4>\n\t\t\t\t\t<p>Route &amp; Autoroute<\/p>\n\t\t\t\t<\/div>\n\t\t\t<\/div>\n\t\t\t\n\t\t<\/div>\n\t\n\t\t<div class=\"portfolio-box tm-box col-lg-4 col-sm-6 col-md-4 col-xs-12 route-autoroute thememount-box\">\n\t\t\t<div class=\"item\">\n\t\t\t\t<div class=\"item-thumbnail\">\n\t\t\t\t\t<img loading=\"lazy\" decoding=\"async\" width=\"740\" height=\"493\" src=\"https:\/\/www.afriquetravaux.com.tn\/wp-content\/uploads\/2018\/02\/100_4391-740x493.jpg\" class=\"attachment-portfolio-three-column size-portfolio-three-column wp-post-image\" alt=\"\" srcset=\"https:\/\/www.afriquetravaux.com.tn\/wp-content\/uploads\/2018\/02\/100_4391-740x493.jpg 740w, https:\/\/www.afriquetravaux.com.tn\/wp-content\/uploads\/2018\/02\/100_4391-855x570.jpg 855w, https:\/\/www.afriquetravaux.com.tn\/wp-content\/uploads\/2018\/02\/100_4391-524x349.jpg 524w\" sizes=\"(max-width: 740px) 100vw, 740px\" data-id=\"6865\" \/>\n\t\t\t\t\t<div class=\"overthumb\"><\/div>\n\t\t\t\t\t<div class=\"icons\">\n\t\t\t\t\t\t\n\t\t\t\t\t\t<a href=\"https:\/\/www.afriquetravaux.com.tn\/wp-content\/uploads\/2018\/02\/100_4391.jpg\" class=\"thememount_pf_featured tm_prettyphoto\" title=\"(Fran\u00e7ais) Autoroute El Jem- Hancha\" data-rel=\"prettyPhoto\"><i class=\"fa fa-picture-o\"><\/i><\/a>\n\t\t\t\t\t\t<a href=\"https:\/\/www.afriquetravaux.com.tn\/en\/portfolio\/autoroute-el-jem-hancha\/\" class=\"thememount_pf_link\"><i class=\"fa fa-link\"><\/i><\/a>\n\t\t\t\t\t<\/div>\n\t\t\t\t<\/div>\n\t\t\t\t<div class=\"item-content\">\n\t\t\t\t\t\n\t\t\t\t\t<h4><a href=\"https:\/\/www.afriquetravaux.com.tn\/en\/portfolio\/autoroute-el-jem-hancha\/\">(Fran\u00e7ais) Autoroute El Jem- Hancha<\/a><\/h4>\n\t\t\t\t\t<p>Route &amp; Autoroute<\/p>\n\t\t\t\t<\/div>\n\t\t\t<\/div>\n\t\t\t\n\t\t<\/div>\n\t\n\t\t<div class=\"portfolio-box tm-box col-lg-4 col-sm-6 col-md-4 col-xs-12 route-autoroute thememount-box\">\n\t\t\t<div class=\"item\">\n\t\t\t\t<div class=\"item-thumbnail\">\n\t\t\t\t\t<img loading=\"lazy\" decoding=\"async\" width=\"370\" height=\"249\" src=\"https:\/\/www.afriquetravaux.com.tn\/wp-content\/uploads\/2020\/02\/Autoroute.jpg\" class=\"attachment-portfolio-three-column size-portfolio-three-column wp-post-image\" alt=\"\" srcset=\"https:\/\/www.afriquetravaux.com.tn\/wp-content\/uploads\/2020\/02\/Autoroute.jpg 370w, https:\/\/www.afriquetravaux.com.tn\/wp-content\/uploads\/2020\/02\/Autoroute-300x202.jpg 300w\" sizes=\"(max-width: 370px) 100vw, 370px\" data-id=\"6970\" \/>\n\t\t\t\t\t<div class=\"overthumb\"><\/div>\n\t\t\t\t\t<div class=\"icons\">\n\t\t\t\t\t\t\n\t\t\t\t\t\t<a href=\"https:\/\/www.afriquetravaux.com.tn\/wp-content\/uploads\/2020\/02\/Autoroute.jpg\" class=\"thememount_pf_featured tm_prettyphoto\" title=\"Tunis-Mdjez El Bab Lot N\u00b0 1\" data-rel=\"prettyPhoto\"><i class=\"fa fa-picture-o\"><\/i><\/a>\n\t\t\t\t\t\t<a href=\"https:\/\/www.afriquetravaux.com.tn\/en\/portfolio\/nunc-eget-urna\/\" class=\"thememount_pf_link\"><i class=\"fa fa-link\"><\/i><\/a>\n\t\t\t\t\t<\/div>\n\t\t\t\t<\/div>\n\t\t\t\t<div class=\"item-content\">\n\t\t\t\t\t\n\t\t\t\t\t<h4><a href=\"https:\/\/www.afriquetravaux.com.tn\/en\/portfolio\/nunc-eget-urna\/\">Tunis-Mdjez El Bab Lot N\u00b0 1<\/a><\/h4>\n\t\t\t\t\t<p>Route &amp; Autoroute<\/p>\n\t\t\t\t<\/div>\n\t\t\t<\/div>\n\t\t\t\n\t\t<\/div>\n\t<\/div><\/div><\/div>[\/vc_column][\/vc_row]<\/p>","protected":false},"excerpt":{"rendered":"<p>[vc_row][vc_column][vc_column_text]As a specialist in complex shipyards, Africa Travaux has ranked first among the companies involved in the construction of road infrastructure projects in Tunisia. Africa Works contributed to the construction of the majority of Tunisia&#8217;s highways. It has indeed carried out lot 1 of the Mjez Elbab motorway and lot 3 of the M&#8217;saken-Sfax motorway, [&hellip;]<\/p>\n","protected":false},"author":1,"featured_media":0,"parent":0,"menu_order":0,"comment_status":"closed","ping_status":"closed","template":"","meta":{"footnotes":""},"class_list":["post-5955","page","type-page","status-publish","hentry"],"_links":{"self":[{"href":"https:\/\/www.afriquetravaux.com.tn\/en\/wp-json\/wp\/v2\/pages\/5955"}],"collection":[{"href":"https:\/\/www.afriquetravaux.com.tn\/en\/wp-json\/wp\/v2\/pages"}],"about":[{"href":"https:\/\/www.afriquetravaux.com.tn\/en\/wp-json\/wp\/v2\/types\/page"}],"author":[{"embeddable":true,"href":"https:\/\/www.afriquetravaux.com.tn\/en\/wp-json\/wp\/v2\/users\/1"}],"replies":[{"embeddable":true,"href":"https:\/\/www.afriquetravaux.com.tn\/en\/wp-json\/wp\/v2\/comments?post=5955"}],"version-history":[{"count":1,"href":"https:\/\/www.afriquetravaux.com.tn\/en\/wp-json\/wp\/v2\/pages\/5955\/revisions"}],"predecessor-version":[{"id":7051,"href":"https:\/\/www.afriquetravaux.com.tn\/en\/wp-json\/wp\/v2\/pages\/5955\/revisions\/7051"}],"wp:attachment":[{"href":"https:\/\/www.afriquetravaux.com.tn\/en\/wp-json\/wp\/v2\/media?parent=5955"}],"curies":[{"name":"wp","href":"https:\/\/api.w.org\/{rel}","templated":true}]}}