{"id":1088,"date":"2014-10-12T15:08:23","date_gmt":"2014-10-12T13:08:23","guid":{"rendered":"http:\/\/apicona-data.thememount.com\/?page_id=1074"},"modified":"2017-07-28T15:22:29","modified_gmt":"2017-07-28T13:22:29","slug":"portfolio-realisation","status":"publish","type":"page","link":"https:\/\/www.afriquetravaux.com.tn\/en\/portfolio-realisation\/","title":{"rendered":"portfolio r\u00e9alisation"},"content":{"rendered":"<p>[vc_row full_width=&#8221;stretch_row_content_no_spaces&#8221; fullwidth=&#8221;true&#8221;][vc_column]<div class=\"row multi-columns-row thememount-portfolio-boxes-wrapper thememount-portfolio-view-default thememount-effect-default thememount-items-col-four  \" id=\"thememount-portfolio-id-58116547\"  ><div class=\"thememount-portfolio-text col-xs-12 col-sm-12 col-md-12 col-lg-12\"><\/div><div class=\"thememount-portfolio-boxes col-xs-12 col-sm-12 col-md-12 col-lg-12\"><nav class=\"portfolio-sortable-list container\"><ul><li><a class=\"selected\" href=\"#\" data-filter=\"*\">All<\/a><\/li><li><a class=\"\" href=\"#\" data-filter=\".architecture\">Ponts<\/a><\/li><li><a class=\"\" href=\"#\" data-filter=\".batiments-fondations-profondes\">B\u00e2timents &amp; fondations profondes<\/a><\/li><li><a class=\"\" href=\"#\" data-filter=\".route-autoroute\">Route &amp; Autoroute<\/a><\/li><\/ul><\/nav><div class=\"thememount-items-wrapper row multi-columns-row  thememount-portfolio-boxes-inner portfolio-wrapper row\">\n\t\t<div class=\"portfolio-box tm-box col-lg-3 col-sm-6 col-md-3 col-xs-12 architecture thememount-box\">\n\t\t\t<div class=\"item\">\n\t\t\t\t<div class=\"item-thumbnail\">\n\t\t\t\t\t<img loading=\"lazy\" decoding=\"async\" width=\"524\" height=\"349\" src=\"https:\/\/www.afriquetravaux.com.tn\/wp-content\/uploads\/2022\/01\/1234-524x349.jpg\" class=\"attachment-portfolio-four-column size-portfolio-four-column wp-post-image\" alt=\"\" srcset=\"https:\/\/www.afriquetravaux.com.tn\/wp-content\/uploads\/2022\/01\/1234-524x349.jpg 524w, https:\/\/www.afriquetravaux.com.tn\/wp-content\/uploads\/2022\/01\/1234-855x570.jpg 855w, https:\/\/www.afriquetravaux.com.tn\/wp-content\/uploads\/2022\/01\/1234-740x493.jpg 740w\" sizes=\"(max-width: 524px) 100vw, 524px\" data-id=\"7306\" \/>\n\t\t\t\t\t<div class=\"overthumb\"><\/div>\n\t\t\t\t\t<div class=\"icons\">\n\t\t\t\t\t\t\n\t\t\t\t\t\t<a href=\"https:\/\/www.afriquetravaux.com.tn\/wp-content\/uploads\/2022\/01\/1234-scaled.jpg\" class=\"thememount_pf_featured tm_prettyphoto\" title=\"(Fran\u00e7ais) Echangeur SYRUS LE GRAND\" data-rel=\"prettyPhoto\"><i class=\"fa fa-picture-o\"><\/i><\/a>\n\t\t\t\t\t\t<a href=\"https:\/\/www.afriquetravaux.com.tn\/en\/portfolio\/echangeur-syrus-le-grand\/\" class=\"thememount_pf_link\"><i class=\"fa fa-link\"><\/i><\/a>\n\t\t\t\t\t<\/div>\n\t\t\t\t<\/div>\n\t\t\t\t<div class=\"item-content\">\n\t\t\t\t\t\n\t\t\t\t\t<h4><a href=\"https:\/\/www.afriquetravaux.com.tn\/en\/portfolio\/echangeur-syrus-le-grand\/\">(Fran\u00e7ais) Echangeur SYRUS LE GRAND<\/a><\/h4>\n\t\t\t\t\t<p>Ponts<\/p>\n\t\t\t\t<\/div>\n\t\t\t<\/div>\n\t\t\t\n\t\t<\/div>\n\t\n\t\t<div class=\"portfolio-box tm-box col-lg-3 col-sm-6 col-md-3 col-xs-12 route-autoroute thememount-box\">\n\t\t\t<div class=\"item\">\n\t\t\t\t<div class=\"item-thumbnail\">\n\t\t\t\t\t<img loading=\"lazy\" decoding=\"async\" width=\"524\" height=\"349\" src=\"https:\/\/www.afriquetravaux.com.tn\/wp-content\/uploads\/2022\/01\/20190926_120041-min-524x349.jpg\" class=\"attachment-portfolio-four-column size-portfolio-four-column wp-post-image\" alt=\"\" srcset=\"https:\/\/www.afriquetravaux.com.tn\/wp-content\/uploads\/2022\/01\/20190926_120041-min-524x349.jpg 524w, https:\/\/www.afriquetravaux.com.tn\/wp-content\/uploads\/2022\/01\/20190926_120041-min-855x570.jpg 855w, https:\/\/www.afriquetravaux.com.tn\/wp-content\/uploads\/2022\/01\/20190926_120041-min-740x493.jpg 740w\" sizes=\"(max-width: 524px) 100vw, 524px\" data-id=\"7230\" \/>\n\t\t\t\t\t<div class=\"overthumb\"><\/div>\n\t\t\t\t\t<div class=\"icons\">\n\t\t\t\t\t\t\n\t\t\t\t\t\t<a href=\"https:\/\/www.afriquetravaux.com.tn\/wp-content\/uploads\/2022\/01\/20190926_120041-min-scaled.jpg\" class=\"thememount_pf_featured tm_prettyphoto\" title=\"(Fran\u00e7ais) Travaux de mise en 2&#215;2 voies de la RN12 lot N\u00b0 2 dans le gouvernorat de sousse\" data-rel=\"prettyPhoto\"><i class=\"fa fa-picture-o\"><\/i><\/a>\n\t\t\t\t\t\t<a href=\"https:\/\/www.afriquetravaux.com.tn\/en\/portfolio\/travaux-de-mise-en-2x2-voies-de-la-rn12-lot-n-2-dans-le-gouvernorat-de-sousse\/\" class=\"thememount_pf_link\"><i class=\"fa fa-link\"><\/i><\/a>\n\t\t\t\t\t<\/div>\n\t\t\t\t<\/div>\n\t\t\t\t<div class=\"item-content\">\n\t\t\t\t\t\n\t\t\t\t\t<h4><a href=\"https:\/\/www.afriquetravaux.com.tn\/en\/portfolio\/travaux-de-mise-en-2x2-voies-de-la-rn12-lot-n-2-dans-le-gouvernorat-de-sousse\/\">(Fran\u00e7ais) Travaux de mise en 2&#215;2 voies de la RN12 lot N\u00b0 2 dans le gouvernorat de sousse<\/a><\/h4>\n\t\t\t\t\t<p>Route &amp; Autoroute<\/p>\n\t\t\t\t<\/div>\n\t\t\t<\/div>\n\t\t\t\n\t\t<\/div>\n\t\n\t\t<div class=\"portfolio-box tm-box col-lg-3 col-sm-6 col-md-3 col-xs-12 route-autoroute thememount-box\">\n\t\t\t<div class=\"item\">\n\t\t\t\t<div class=\"item-thumbnail\">\n\t\t\t\t\t<img loading=\"lazy\" decoding=\"async\" width=\"524\" height=\"349\" src=\"https:\/\/www.afriquetravaux.com.tn\/wp-content\/uploads\/2021\/12\/1-524x349.png\" class=\"attachment-portfolio-four-column size-portfolio-four-column wp-post-image\" alt=\"\" srcset=\"https:\/\/www.afriquetravaux.com.tn\/wp-content\/uploads\/2021\/12\/1-524x349.png 524w, https:\/\/www.afriquetravaux.com.tn\/wp-content\/uploads\/2021\/12\/1-855x570.png 855w, https:\/\/www.afriquetravaux.com.tn\/wp-content\/uploads\/2021\/12\/1-740x493.png 740w\" sizes=\"(max-width: 524px) 100vw, 524px\" data-id=\"7152\" \/>\n\t\t\t\t\t<div class=\"overthumb\"><\/div>\n\t\t\t\t\t<div class=\"icons\">\n\t\t\t\t\t\t\n\t\t\t\t\t\t<a href=\"https:\/\/www.afriquetravaux.com.tn\/wp-content\/uploads\/2021\/12\/1.png\" class=\"thememount_pf_featured tm_prettyphoto\" title=\"(Fran\u00e7ais) Autoroute M\u00e9denine-Ras Jedir lot 7\" data-rel=\"prettyPhoto\"><i class=\"fa fa-picture-o\"><\/i><\/a>\n\t\t\t\t\t\t<a href=\"https:\/\/www.afriquetravaux.com.tn\/en\/portfolio\/autoroute-medenine-ras-jedir-lot-n-7\/\" class=\"thememount_pf_link\"><i class=\"fa fa-link\"><\/i><\/a>\n\t\t\t\t\t<\/div>\n\t\t\t\t<\/div>\n\t\t\t\t<div class=\"item-content\">\n\t\t\t\t\t\n\t\t\t\t\t<h4><a href=\"https:\/\/www.afriquetravaux.com.tn\/en\/portfolio\/autoroute-medenine-ras-jedir-lot-n-7\/\">(Fran\u00e7ais) Autoroute M\u00e9denine-Ras Jedir lot 7<\/a><\/h4>\n\t\t\t\t\t<p>Route &amp; Autoroute<\/p>\n\t\t\t\t<\/div>\n\t\t\t<\/div>\n\t\t\t\n\t\t<\/div>\n\t\n\t\t<div class=\"portfolio-box tm-box col-lg-3 col-sm-6 col-md-3 col-xs-12 architecture thememount-box\">\n\t\t\t<div class=\"item\">\n\t\t\t\t<div class=\"item-thumbnail\">\n\t\t\t\t\t<img loading=\"lazy\" decoding=\"async\" width=\"524\" height=\"349\" src=\"https:\/\/www.afriquetravaux.com.tn\/wp-content\/uploads\/2020\/02\/AVANCEMENT-PROJET-FINI-720x406-1-524x349.jpg\" class=\"attachment-portfolio-four-column size-portfolio-four-column wp-post-image\" alt=\"\" data-id=\"6958\" \/>\n\t\t\t\t\t<div class=\"overthumb\"><\/div>\n\t\t\t\t\t<div class=\"icons\">\n\t\t\t\t\t\t\n\t\t\t\t\t\t<a href=\"https:\/\/www.afriquetravaux.com.tn\/wp-content\/uploads\/2020\/02\/AVANCEMENT-PROJET-FINI-720x406-1-e1640898817865.jpg\" class=\"thememount_pf_featured tm_prettyphoto\" title=\"(Fran\u00e7ais) Ouvrage d&#8217;art de franchissement de l&#8217;oued Medjerda sur la  RN 17 au PK 65+500 dans le gouvernorat de Jendouba\" data-rel=\"prettyPhoto\"><i class=\"fa fa-picture-o\"><\/i><\/a>\n\t\t\t\t\t\t<a href=\"https:\/\/www.afriquetravaux.com.tn\/en\/portfolio\/ouvrage-dart-de-franchissement-de-loued-medjerda-sur-la-rn-17-au-pk-65500-dans-le-gouvernorat-de-jendouba\/\" class=\"thememount_pf_link\"><i class=\"fa fa-link\"><\/i><\/a>\n\t\t\t\t\t<\/div>\n\t\t\t\t<\/div>\n\t\t\t\t<div class=\"item-content\">\n\t\t\t\t\t\n\t\t\t\t\t<h4><a href=\"https:\/\/www.afriquetravaux.com.tn\/en\/portfolio\/ouvrage-dart-de-franchissement-de-loued-medjerda-sur-la-rn-17-au-pk-65500-dans-le-gouvernorat-de-jendouba\/\">(Fran\u00e7ais) Ouvrage d&#8217;art de franchissement de l&#8217;oued Medjerda sur la  RN 17 au PK 65+500 dans le gouvernorat de Jendouba<\/a><\/h4>\n\t\t\t\t\t<p>Ponts<\/p>\n\t\t\t\t<\/div>\n\t\t\t<\/div>\n\t\t\t\n\t\t<\/div>\n\t\n\t\t<div class=\"portfolio-box tm-box col-lg-3 col-sm-6 col-md-3 col-xs-12 batiments-fondations-profondes thememount-box\">\n\t\t\t<div class=\"item\">\n\t\t\t\t<div class=\"item-thumbnail\">\n\t\t\t\t\t<img loading=\"lazy\" decoding=\"async\" width=\"524\" height=\"349\" src=\"https:\/\/www.afriquetravaux.com.tn\/wp-content\/uploads\/2021\/12\/DSC_4485-524x349.jpg\" class=\"attachment-portfolio-four-column size-portfolio-four-column wp-post-image\" alt=\"\" srcset=\"https:\/\/www.afriquetravaux.com.tn\/wp-content\/uploads\/2021\/12\/DSC_4485-524x349.jpg 524w, https:\/\/www.afriquetravaux.com.tn\/wp-content\/uploads\/2021\/12\/DSC_4485-300x200.jpg 300w, https:\/\/www.afriquetravaux.com.tn\/wp-content\/uploads\/2021\/12\/DSC_4485-1024x684.jpg 1024w, https:\/\/www.afriquetravaux.com.tn\/wp-content\/uploads\/2021\/12\/DSC_4485-768x513.jpg 768w, https:\/\/www.afriquetravaux.com.tn\/wp-content\/uploads\/2021\/12\/DSC_4485-1536x1025.jpg 1536w, https:\/\/www.afriquetravaux.com.tn\/wp-content\/uploads\/2021\/12\/DSC_4485-2048x1367.jpg 2048w, https:\/\/www.afriquetravaux.com.tn\/wp-content\/uploads\/2021\/12\/DSC_4485-855x570.jpg 855w, https:\/\/www.afriquetravaux.com.tn\/wp-content\/uploads\/2021\/12\/DSC_4485-740x493.jpg 740w\" sizes=\"(max-width: 524px) 100vw, 524px\" data-id=\"7031\" \/>\n\t\t\t\t\t<div class=\"overthumb\"><\/div>\n\t\t\t\t\t<div class=\"icons\">\n\t\t\t\t\t\t\n\t\t\t\t\t\t<a href=\"https:\/\/www.afriquetravaux.com.tn\/wp-content\/uploads\/2021\/12\/DSC_4485-scaled.jpg\" class=\"thememount_pf_featured tm_prettyphoto\" title=\"(Fran\u00e7ais) MC Properties\" data-rel=\"prettyPhoto\"><i class=\"fa fa-picture-o\"><\/i><\/a>\n\t\t\t\t\t\t<a href=\"https:\/\/www.afriquetravaux.com.tn\/en\/portfolio\/mc-properties\/\" class=\"thememount_pf_link\"><i class=\"fa fa-link\"><\/i><\/a>\n\t\t\t\t\t<\/div>\n\t\t\t\t<\/div>\n\t\t\t\t<div class=\"item-content\">\n\t\t\t\t\t\n\t\t\t\t\t<h4><a href=\"https:\/\/www.afriquetravaux.com.tn\/en\/portfolio\/mc-properties\/\">(Fran\u00e7ais) MC Properties<\/a><\/h4>\n\t\t\t\t\t<p>B\u00e2timents &amp; fondations profondes<\/p>\n\t\t\t\t<\/div>\n\t\t\t<\/div>\n\t\t\t\n\t\t<\/div>\n\t\n\t\t<div class=\"portfolio-box tm-box col-lg-3 col-sm-6 col-md-3 col-xs-12 batiments-fondations-profondes thememount-box\">\n\t\t\t<div class=\"item\">\n\t\t\t\t<div class=\"item-thumbnail\">\n\t\t\t\t\t<img loading=\"lazy\" decoding=\"async\" width=\"524\" height=\"349\" src=\"https:\/\/www.afriquetravaux.com.tn\/wp-content\/uploads\/2021\/12\/DSC_4459-524x349.jpg\" class=\"attachment-portfolio-four-column size-portfolio-four-column wp-post-image\" alt=\"\" srcset=\"https:\/\/www.afriquetravaux.com.tn\/wp-content\/uploads\/2021\/12\/DSC_4459-524x349.jpg 524w, https:\/\/www.afriquetravaux.com.tn\/wp-content\/uploads\/2021\/12\/DSC_4459-300x200.jpg 300w, https:\/\/www.afriquetravaux.com.tn\/wp-content\/uploads\/2021\/12\/DSC_4459-1024x684.jpg 1024w, https:\/\/www.afriquetravaux.com.tn\/wp-content\/uploads\/2021\/12\/DSC_4459-768x513.jpg 768w, https:\/\/www.afriquetravaux.com.tn\/wp-content\/uploads\/2021\/12\/DSC_4459-1536x1025.jpg 1536w, https:\/\/www.afriquetravaux.com.tn\/wp-content\/uploads\/2021\/12\/DSC_4459-2048x1367.jpg 2048w, https:\/\/www.afriquetravaux.com.tn\/wp-content\/uploads\/2021\/12\/DSC_4459-855x570.jpg 855w, https:\/\/www.afriquetravaux.com.tn\/wp-content\/uploads\/2021\/12\/DSC_4459-740x493.jpg 740w\" sizes=\"(max-width: 524px) 100vw, 524px\" data-id=\"7021\" \/>\n\t\t\t\t\t<div class=\"overthumb\"><\/div>\n\t\t\t\t\t<div class=\"icons\">\n\t\t\t\t\t\t\n\t\t\t\t\t\t<a href=\"https:\/\/www.afriquetravaux.com.tn\/wp-content\/uploads\/2021\/12\/DSC_4459-scaled.jpg\" class=\"thememount_pf_featured tm_prettyphoto\" title=\"(Fran\u00e7ais) Jumeaux Immobili\u00e8re\" data-rel=\"prettyPhoto\"><i class=\"fa fa-picture-o\"><\/i><\/a>\n\t\t\t\t\t\t<a href=\"https:\/\/www.afriquetravaux.com.tn\/en\/portfolio\/jumeaux-immobiliere\/\" class=\"thememount_pf_link\"><i class=\"fa fa-link\"><\/i><\/a>\n\t\t\t\t\t<\/div>\n\t\t\t\t<\/div>\n\t\t\t\t<div class=\"item-content\">\n\t\t\t\t\t\n\t\t\t\t\t<h4><a href=\"https:\/\/www.afriquetravaux.com.tn\/en\/portfolio\/jumeaux-immobiliere\/\">(Fran\u00e7ais) Jumeaux Immobili\u00e8re<\/a><\/h4>\n\t\t\t\t\t<p>B\u00e2timents &amp; fondations profondes<\/p>\n\t\t\t\t<\/div>\n\t\t\t<\/div>\n\t\t\t\n\t\t<\/div>\n\t\n\t\t<div class=\"portfolio-box tm-box col-lg-3 col-sm-6 col-md-3 col-xs-12 batiments-fondations-profondes thememount-box\">\n\t\t\t<div class=\"item\">\n\t\t\t\t<div class=\"item-thumbnail\">\n\t\t\t\t\t<img loading=\"lazy\" decoding=\"async\" width=\"524\" height=\"349\" src=\"https:\/\/www.afriquetravaux.com.tn\/wp-content\/uploads\/2021\/12\/DSC_4448-524x349.jpg\" class=\"attachment-portfolio-four-column size-portfolio-four-column wp-post-image\" alt=\"\" srcset=\"https:\/\/www.afriquetravaux.com.tn\/wp-content\/uploads\/2021\/12\/DSC_4448-524x349.jpg 524w, https:\/\/www.afriquetravaux.com.tn\/wp-content\/uploads\/2021\/12\/DSC_4448-300x200.jpg 300w, https:\/\/www.afriquetravaux.com.tn\/wp-content\/uploads\/2021\/12\/DSC_4448-1024x684.jpg 1024w, https:\/\/www.afriquetravaux.com.tn\/wp-content\/uploads\/2021\/12\/DSC_4448-768x513.jpg 768w, https:\/\/www.afriquetravaux.com.tn\/wp-content\/uploads\/2021\/12\/DSC_4448-1536x1025.jpg 1536w, https:\/\/www.afriquetravaux.com.tn\/wp-content\/uploads\/2021\/12\/DSC_4448-2048x1367.jpg 2048w, https:\/\/www.afriquetravaux.com.tn\/wp-content\/uploads\/2021\/12\/DSC_4448-855x570.jpg 855w, https:\/\/www.afriquetravaux.com.tn\/wp-content\/uploads\/2021\/12\/DSC_4448-740x493.jpg 740w\" sizes=\"(max-width: 524px) 100vw, 524px\" data-id=\"7095\" \/>\n\t\t\t\t\t<div class=\"overthumb\"><\/div>\n\t\t\t\t\t<div class=\"icons\">\n\t\t\t\t\t\t\n\t\t\t\t\t\t<a href=\"https:\/\/www.afriquetravaux.com.tn\/wp-content\/uploads\/2021\/12\/DSC_4448-scaled.jpg\" class=\"thememount_pf_featured tm_prettyphoto\" title=\"(Fran\u00e7ais) Immobilier &amp; D\u00e9veloppement\" data-rel=\"prettyPhoto\"><i class=\"fa fa-picture-o\"><\/i><\/a>\n\t\t\t\t\t\t<a href=\"https:\/\/www.afriquetravaux.com.tn\/en\/portfolio\/immobilier-developpement\/\" class=\"thememount_pf_link\"><i class=\"fa fa-link\"><\/i><\/a>\n\t\t\t\t\t<\/div>\n\t\t\t\t<\/div>\n\t\t\t\t<div class=\"item-content\">\n\t\t\t\t\t\n\t\t\t\t\t<h4><a href=\"https:\/\/www.afriquetravaux.com.tn\/en\/portfolio\/immobilier-developpement\/\">(Fran\u00e7ais) Immobilier &amp; D\u00e9veloppement<\/a><\/h4>\n\t\t\t\t\t<p>B\u00e2timents &amp; fondations profondes<\/p>\n\t\t\t\t<\/div>\n\t\t\t<\/div>\n\t\t\t\n\t\t<\/div>\n\t\n\t\t<div class=\"portfolio-box tm-box col-lg-3 col-sm-6 col-md-3 col-xs-12 batiments-fondations-profondes thememount-box\">\n\t\t\t<div class=\"item\">\n\t\t\t\t<div class=\"item-thumbnail\">\n\t\t\t\t\t<img loading=\"lazy\" decoding=\"async\" width=\"524\" height=\"349\" src=\"https:\/\/www.afriquetravaux.com.tn\/wp-content\/uploads\/2021\/12\/DSC_4469-1-524x349.jpg\" class=\"attachment-portfolio-four-column size-portfolio-four-column wp-post-image\" alt=\"\" srcset=\"https:\/\/www.afriquetravaux.com.tn\/wp-content\/uploads\/2021\/12\/DSC_4469-1-524x349.jpg 524w, https:\/\/www.afriquetravaux.com.tn\/wp-content\/uploads\/2021\/12\/DSC_4469-1-300x200.jpg 300w, https:\/\/www.afriquetravaux.com.tn\/wp-content\/uploads\/2021\/12\/DSC_4469-1-1024x684.jpg 1024w, https:\/\/www.afriquetravaux.com.tn\/wp-content\/uploads\/2021\/12\/DSC_4469-1-768x513.jpg 768w, https:\/\/www.afriquetravaux.com.tn\/wp-content\/uploads\/2021\/12\/DSC_4469-1-1536x1025.jpg 1536w, https:\/\/www.afriquetravaux.com.tn\/wp-content\/uploads\/2021\/12\/DSC_4469-1-2048x1367.jpg 2048w, https:\/\/www.afriquetravaux.com.tn\/wp-content\/uploads\/2021\/12\/DSC_4469-1-855x570.jpg 855w, https:\/\/www.afriquetravaux.com.tn\/wp-content\/uploads\/2021\/12\/DSC_4469-1-740x493.jpg 740w\" sizes=\"(max-width: 524px) 100vw, 524px\" data-id=\"7093\" \/>\n\t\t\t\t\t<div class=\"overthumb\"><\/div>\n\t\t\t\t\t<div class=\"icons\">\n\t\t\t\t\t\t\n\t\t\t\t\t\t<a href=\"https:\/\/www.afriquetravaux.com.tn\/wp-content\/uploads\/2021\/12\/DSC_4469-1-scaled.jpg\" class=\"thememount_pf_featured tm_prettyphoto\" title=\"(Fran\u00e7ais) Immeuble POLYGON\" data-rel=\"prettyPhoto\"><i class=\"fa fa-picture-o\"><\/i><\/a>\n\t\t\t\t\t\t<a href=\"https:\/\/www.afriquetravaux.com.tn\/en\/portfolio\/immeuble-polygon\/\" class=\"thememount_pf_link\"><i class=\"fa fa-link\"><\/i><\/a>\n\t\t\t\t\t<\/div>\n\t\t\t\t<\/div>\n\t\t\t\t<div class=\"item-content\">\n\t\t\t\t\t\n\t\t\t\t\t<h4><a href=\"https:\/\/www.afriquetravaux.com.tn\/en\/portfolio\/immeuble-polygon\/\">(Fran\u00e7ais) Immeuble POLYGON<\/a><\/h4>\n\t\t\t\t\t<p>B\u00e2timents &amp; fondations profondes<\/p>\n\t\t\t\t<\/div>\n\t\t\t<\/div>\n\t\t\t\n\t\t<\/div>\n\t\n\t\t<div class=\"portfolio-box tm-box col-lg-3 col-sm-6 col-md-3 col-xs-12 architecture thememount-box\">\n\t\t\t<div class=\"item\">\n\t\t\t\t<div class=\"item-thumbnail\">\n\t\t\t\t\t<img loading=\"lazy\" decoding=\"async\" width=\"524\" height=\"349\" src=\"https:\/\/www.afriquetravaux.com.tn\/wp-content\/uploads\/2021\/12\/3-left-524x349.jpg\" class=\"attachment-portfolio-four-column size-portfolio-four-column wp-post-image\" alt=\"\" srcset=\"https:\/\/www.afriquetravaux.com.tn\/wp-content\/uploads\/2021\/12\/3-left-524x349.jpg 524w, https:\/\/www.afriquetravaux.com.tn\/wp-content\/uploads\/2021\/12\/3-left-300x200.jpg 300w, https:\/\/www.afriquetravaux.com.tn\/wp-content\/uploads\/2021\/12\/3-left-1024x684.jpg 1024w, https:\/\/www.afriquetravaux.com.tn\/wp-content\/uploads\/2021\/12\/3-left-768x513.jpg 768w, https:\/\/www.afriquetravaux.com.tn\/wp-content\/uploads\/2021\/12\/3-left-1536x1025.jpg 1536w, https:\/\/www.afriquetravaux.com.tn\/wp-content\/uploads\/2021\/12\/3-left-2048x1367.jpg 2048w, https:\/\/www.afriquetravaux.com.tn\/wp-content\/uploads\/2021\/12\/3-left-855x570.jpg 855w, https:\/\/www.afriquetravaux.com.tn\/wp-content\/uploads\/2021\/12\/3-left-740x493.jpg 740w\" sizes=\"(max-width: 524px) 100vw, 524px\" data-id=\"7119\" \/>\n\t\t\t\t\t<div class=\"overthumb\"><\/div>\n\t\t\t\t\t<div class=\"icons\">\n\t\t\t\t\t\t\n\t\t\t\t\t\t<a href=\"https:\/\/www.afriquetravaux.com.tn\/wp-content\/uploads\/2021\/12\/3-left-scaled.jpg\" class=\"thememount_pf_featured tm_prettyphoto\" title=\"(Fran\u00e7ais) Travaux de s\u00e9curit\u00e9 routi\u00e8re de la RN1 du Pk 10,760 au PK 14,90 dans le gouvernorat de Ben Arous\" data-rel=\"prettyPhoto\"><i class=\"fa fa-picture-o\"><\/i><\/a>\n\t\t\t\t\t\t<a href=\"https:\/\/www.afriquetravaux.com.tn\/en\/portfolio\/travaux-de-securite-routiere-de-la-rn1-du-pk-10760-au-pk-1490-dans-le-gouvernorat-de-ben-arous\/\" class=\"thememount_pf_link\"><i class=\"fa fa-link\"><\/i><\/a>\n\t\t\t\t\t<\/div>\n\t\t\t\t<\/div>\n\t\t\t\t<div class=\"item-content\">\n\t\t\t\t\t\n\t\t\t\t\t<h4><a href=\"https:\/\/www.afriquetravaux.com.tn\/en\/portfolio\/travaux-de-securite-routiere-de-la-rn1-du-pk-10760-au-pk-1490-dans-le-gouvernorat-de-ben-arous\/\">(Fran\u00e7ais) Travaux de s\u00e9curit\u00e9 routi\u00e8re de la RN1 du Pk 10,760 au PK 14,90 dans le gouvernorat de Ben Arous<\/a><\/h4>\n\t\t\t\t\t<p>Ponts<\/p>\n\t\t\t\t<\/div>\n\t\t\t<\/div>\n\t\t\t\n\t\t<\/div>\n\t\n\t\t<div class=\"portfolio-box tm-box col-lg-3 col-sm-6 col-md-3 col-xs-12 batiments-fondations-profondes thememount-box\">\n\t\t\t<div class=\"item\">\n\t\t\t\t<div class=\"item-thumbnail\">\n\t\t\t\t\t<img loading=\"lazy\" decoding=\"async\" width=\"524\" height=\"349\" src=\"https:\/\/www.afriquetravaux.com.tn\/wp-content\/uploads\/2021\/12\/DSC_6038-524x349.jpg\" class=\"attachment-portfolio-four-column size-portfolio-four-column wp-post-image\" alt=\"\" srcset=\"https:\/\/www.afriquetravaux.com.tn\/wp-content\/uploads\/2021\/12\/DSC_6038-524x349.jpg 524w, https:\/\/www.afriquetravaux.com.tn\/wp-content\/uploads\/2021\/12\/DSC_6038-300x200.jpg 300w, https:\/\/www.afriquetravaux.com.tn\/wp-content\/uploads\/2021\/12\/DSC_6038-1024x684.jpg 1024w, https:\/\/www.afriquetravaux.com.tn\/wp-content\/uploads\/2021\/12\/DSC_6038-768x513.jpg 768w, https:\/\/www.afriquetravaux.com.tn\/wp-content\/uploads\/2021\/12\/DSC_6038-1536x1025.jpg 1536w, https:\/\/www.afriquetravaux.com.tn\/wp-content\/uploads\/2021\/12\/DSC_6038-2048x1367.jpg 2048w, https:\/\/www.afriquetravaux.com.tn\/wp-content\/uploads\/2021\/12\/DSC_6038-855x570.jpg 855w, https:\/\/www.afriquetravaux.com.tn\/wp-content\/uploads\/2021\/12\/DSC_6038-740x493.jpg 740w\" sizes=\"(max-width: 524px) 100vw, 524px\" data-id=\"7110\" \/>\n\t\t\t\t\t<div class=\"overthumb\"><\/div>\n\t\t\t\t\t<div class=\"icons\">\n\t\t\t\t\t\t\n\t\t\t\t\t\t<a href=\"https:\/\/www.afriquetravaux.com.tn\/wp-content\/uploads\/2021\/12\/DSC_6038-scaled.jpg\" class=\"thememount_pf_featured tm_prettyphoto\" title=\"(Fran\u00e7ais) Centre Logistique \u00e0 El Fejja\" data-rel=\"prettyPhoto\"><i class=\"fa fa-picture-o\"><\/i><\/a>\n\t\t\t\t\t\t<a href=\"https:\/\/www.afriquetravaux.com.tn\/en\/portfolio\/centre-logistique\/\" class=\"thememount_pf_link\"><i class=\"fa fa-link\"><\/i><\/a>\n\t\t\t\t\t<\/div>\n\t\t\t\t<\/div>\n\t\t\t\t<div class=\"item-content\">\n\t\t\t\t\t\n\t\t\t\t\t<h4><a href=\"https:\/\/www.afriquetravaux.com.tn\/en\/portfolio\/centre-logistique\/\">(Fran\u00e7ais) Centre Logistique \u00e0 El Fejja<\/a><\/h4>\n\t\t\t\t\t<p>B\u00e2timents &amp; fondations profondes<\/p>\n\t\t\t\t<\/div>\n\t\t\t<\/div>\n\t\t\t\n\t\t<\/div>\n\t\n\t\t<div class=\"portfolio-box tm-box col-lg-3 col-sm-6 col-md-3 col-xs-12 batiments-fondations-profondes thememount-box\">\n\t\t\t<div class=\"item\">\n\t\t\t\t<div class=\"item-thumbnail\">\n\t\t\t\t\t<img loading=\"lazy\" decoding=\"async\" width=\"524\" height=\"349\" src=\"https:\/\/www.afriquetravaux.com.tn\/wp-content\/uploads\/2021\/12\/DSC_4495-524x349.jpg\" class=\"attachment-portfolio-four-column size-portfolio-four-column wp-post-image\" alt=\"\" srcset=\"https:\/\/www.afriquetravaux.com.tn\/wp-content\/uploads\/2021\/12\/DSC_4495-524x349.jpg 524w, https:\/\/www.afriquetravaux.com.tn\/wp-content\/uploads\/2021\/12\/DSC_4495-300x200.jpg 300w, https:\/\/www.afriquetravaux.com.tn\/wp-content\/uploads\/2021\/12\/DSC_4495-1024x684.jpg 1024w, https:\/\/www.afriquetravaux.com.tn\/wp-content\/uploads\/2021\/12\/DSC_4495-768x513.jpg 768w, https:\/\/www.afriquetravaux.com.tn\/wp-content\/uploads\/2021\/12\/DSC_4495-1536x1025.jpg 1536w, https:\/\/www.afriquetravaux.com.tn\/wp-content\/uploads\/2021\/12\/DSC_4495-2048x1367.jpg 2048w, https:\/\/www.afriquetravaux.com.tn\/wp-content\/uploads\/2021\/12\/DSC_4495-855x570.jpg 855w, https:\/\/www.afriquetravaux.com.tn\/wp-content\/uploads\/2021\/12\/DSC_4495-740x493.jpg 740w\" sizes=\"(max-width: 524px) 100vw, 524px\" data-id=\"7029\" \/>\n\t\t\t\t\t<div class=\"overthumb\"><\/div>\n\t\t\t\t\t<div class=\"icons\">\n\t\t\t\t\t\t\n\t\t\t\t\t\t<a href=\"https:\/\/www.afriquetravaux.com.tn\/wp-content\/uploads\/2021\/12\/DSC_4495-scaled.jpg\" class=\"thememount_pf_featured tm_prettyphoto\" title=\"(Fran\u00e7ais) Showrooms et Bureaux\" data-rel=\"prettyPhoto\"><i class=\"fa fa-picture-o\"><\/i><\/a>\n\t\t\t\t\t\t<a href=\"https:\/\/www.afriquetravaux.com.tn\/en\/portfolio\/trois-immeuble-a-usage-de-show-rooms-et-bureaux\/\" class=\"thememount_pf_link\"><i class=\"fa fa-link\"><\/i><\/a>\n\t\t\t\t\t<\/div>\n\t\t\t\t<\/div>\n\t\t\t\t<div class=\"item-content\">\n\t\t\t\t\t\n\t\t\t\t\t<h4><a href=\"https:\/\/www.afriquetravaux.com.tn\/en\/portfolio\/trois-immeuble-a-usage-de-show-rooms-et-bureaux\/\">(Fran\u00e7ais) Showrooms et Bureaux<\/a><\/h4>\n\t\t\t\t\t<p>B\u00e2timents &amp; fondations profondes<\/p>\n\t\t\t\t<\/div>\n\t\t\t<\/div>\n\t\t\t\n\t\t<\/div>\n\t\n\t\t<div class=\"portfolio-box tm-box col-lg-3 col-sm-6 col-md-3 col-xs-12 batiments-fondations-profondes thememount-box\">\n\t\t\t<div class=\"item\">\n\t\t\t\t<div class=\"item-thumbnail\">\n\t\t\t\t\t<img loading=\"lazy\" decoding=\"async\" width=\"524\" height=\"349\" src=\"https:\/\/www.afriquetravaux.com.tn\/wp-content\/uploads\/2021\/12\/DSC_4503-524x349.jpg\" class=\"attachment-portfolio-four-column size-portfolio-four-column wp-post-image\" alt=\"\" srcset=\"https:\/\/www.afriquetravaux.com.tn\/wp-content\/uploads\/2021\/12\/DSC_4503-524x349.jpg 524w, https:\/\/www.afriquetravaux.com.tn\/wp-content\/uploads\/2021\/12\/DSC_4503-300x200.jpg 300w, https:\/\/www.afriquetravaux.com.tn\/wp-content\/uploads\/2021\/12\/DSC_4503-1024x684.jpg 1024w, https:\/\/www.afriquetravaux.com.tn\/wp-content\/uploads\/2021\/12\/DSC_4503-768x513.jpg 768w, https:\/\/www.afriquetravaux.com.tn\/wp-content\/uploads\/2021\/12\/DSC_4503-1536x1025.jpg 1536w, https:\/\/www.afriquetravaux.com.tn\/wp-content\/uploads\/2021\/12\/DSC_4503-2048x1367.jpg 2048w, https:\/\/www.afriquetravaux.com.tn\/wp-content\/uploads\/2021\/12\/DSC_4503-855x570.jpg 855w, https:\/\/www.afriquetravaux.com.tn\/wp-content\/uploads\/2021\/12\/DSC_4503-740x493.jpg 740w\" sizes=\"(max-width: 524px) 100vw, 524px\" data-id=\"7027\" \/>\n\t\t\t\t\t<div class=\"overthumb\"><\/div>\n\t\t\t\t\t<div class=\"icons\">\n\t\t\t\t\t\t\n\t\t\t\t\t\t<a href=\"https:\/\/www.afriquetravaux.com.tn\/wp-content\/uploads\/2021\/12\/DSC_4503-scaled.jpg\" class=\"thememount_pf_featured tm_prettyphoto\" title=\"(Fran\u00e7ais) Immobili\u00e8re SAROUTY\" data-rel=\"prettyPhoto\"><i class=\"fa fa-picture-o\"><\/i><\/a>\n\t\t\t\t\t\t<a href=\"https:\/\/www.afriquetravaux.com.tn\/en\/portfolio\/immobiliere-sarouty\/\" class=\"thememount_pf_link\"><i class=\"fa fa-link\"><\/i><\/a>\n\t\t\t\t\t<\/div>\n\t\t\t\t<\/div>\n\t\t\t\t<div class=\"item-content\">\n\t\t\t\t\t\n\t\t\t\t\t<h4><a href=\"https:\/\/www.afriquetravaux.com.tn\/en\/portfolio\/immobiliere-sarouty\/\">(Fran\u00e7ais) Immobili\u00e8re SAROUTY<\/a><\/h4>\n\t\t\t\t\t<p>B\u00e2timents &amp; fondations profondes<\/p>\n\t\t\t\t<\/div>\n\t\t\t<\/div>\n\t\t\t\n\t\t<\/div>\n\t<\/div><\/div><\/div>[\/vc_column][\/vc_row]<\/p>","protected":false},"excerpt":{"rendered":"<p>[vc_row full_width=&#8221;stretch_row_content_no_spaces&#8221; fullwidth=&#8221;true&#8221;][vc_column][\/vc_column][\/vc_row]<\/p>\n","protected":false},"author":1,"featured_media":0,"parent":0,"menu_order":13,"comment_status":"open","ping_status":"closed","template":"","meta":{"footnotes":""},"class_list":["post-1088","page","type-page","status-publish","hentry"],"_links":{"self":[{"href":"https:\/\/www.afriquetravaux.com.tn\/en\/wp-json\/wp\/v2\/pages\/1088"}],"collection":[{"href":"https:\/\/www.afriquetravaux.com.tn\/en\/wp-json\/wp\/v2\/pages"}],"about":[{"href":"https:\/\/www.afriquetravaux.com.tn\/en\/wp-json\/wp\/v2\/types\/page"}],"author":[{"embeddable":true,"href":"https:\/\/www.afriquetravaux.com.tn\/en\/wp-json\/wp\/v2\/users\/1"}],"replies":[{"embeddable":true,"href":"https:\/\/www.afriquetravaux.com.tn\/en\/wp-json\/wp\/v2\/comments?post=1088"}],"version-history":[{"count":0,"href":"https:\/\/www.afriquetravaux.com.tn\/en\/wp-json\/wp\/v2\/pages\/1088\/revisions"}],"wp:attachment":[{"href":"https:\/\/www.afriquetravaux.com.tn\/en\/wp-json\/wp\/v2\/media?parent=1088"}],"curies":[{"name":"wp","href":"https:\/\/api.w.org\/{rel}","templated":true}]}}